{"id":1582,"date":"2021-10-20T16:13:03","date_gmt":"2021-10-20T14:13:03","guid":{"rendered":"https:\/\/luna.ba\/?page_id=1582"},"modified":"2021-12-06T15:57:43","modified_gmt":"2021-12-06T14:57:43","slug":"ribolov","status":"publish","type":"page","link":"https:\/\/luna.ba\/en\/fishing\/","title":{"rendered":"Fishing"},"content":{"rendered":"<div data-elementor-type=\"wp-page\" data-elementor-id=\"1582\" class=\"elementor elementor-1582\" data-elementor-settings=\"[]\">\n\t\t\t\t\t\t\t<div class=\"elementor-section-wrap\">\n\t\t\t\t\t\t\t<div data-particle_enable=\"false\" data-particle-mobile-disabled=\"false\" class=\"elementor-section elementor-top-section elementor-element elementor-element-5d4fe577 curved-div elementor-section-boxed elementor-section-height-default elementor-section-height-default\" data-id=\"5d4fe577\" data-element_type=\"section\" data-settings=\"{&quot;background_background&quot;:&quot;gradient&quot;}\">\n\t\t\t\t\t\t<div class=\"elementor-container elementor-column-gap-default\">\n\t\t\t\t\t<div class=\"elementor-column elementor-col-100 elementor-top-column elementor-element elementor-element-65e92b9\" data-id=\"65e92b9\" data-element_type=\"column\">\n\t\t\t<div class=\"elementor-widget-wrap elementor-element-populated\">\n\t\t\t\t\t\t\t\t<div class=\"elementor-element elementor-element-5194e1d9 luna-logo elementor-widget elementor-widget-image\" data-id=\"5194e1d9\" data-element_type=\"widget\" data-widget_type=\"image.default\">\n\t\t\t\t<div class=\"elementor-widget-container\">\n\t\t\t\t\t\t\t\t\t\t\t\t\t\t\t<img loading=\"lazy\" width=\"1\" height=\"1\" src=\"https:\/\/luna.ba\/wp-content\/uploads\/2021\/12\/Fishing-logo.png\" class=\"elementor-animation-skew-forward attachment-medium size-medium\" alt=\"\" decoding=\"async\" \/>\t\t\t\t\t\t\t\t\t\t\t\t\t\t\t<\/div>\n\t\t\t\t<\/div>\n\t\t\t\t<div class=\"elementor-element elementor-element-4ed66ac8 elementor-widget elementor-widget-image\" data-id=\"4ed66ac8\" data-element_type=\"widget\" data-widget_type=\"image.default\">\n\t\t\t\t<div class=\"elementor-widget-container\">\n\t\t\t\t\t\t\t\t\t\t\t\t\t\t\t<img loading=\"lazy\" width=\"800\" height=\"800\" src=\"https:\/\/luna.ba\/wp-content\/uploads\/2021\/10\/Rectangle-29-min-1.png\" class=\"attachment-large size-large\" alt=\"\" decoding=\"async\" srcset=\"https:\/\/luna.ba\/wp-content\/uploads\/2021\/10\/Rectangle-29-min-1.png 800w, https:\/\/luna.ba\/wp-content\/uploads\/2021\/10\/Rectangle-29-min-1-300x300.png 300w, https:\/\/luna.ba\/wp-content\/uploads\/2021\/10\/Rectangle-29-min-1-150x150.png 150w, https:\/\/luna.ba\/wp-content\/uploads\/2021\/10\/Rectangle-29-min-1-768x768.png 768w\" sizes=\"(max-width: 800px) 100vw, 800px\" \/>\t\t\t\t\t\t\t\t\t\t\t\t\t\t\t<\/div>\n\t\t\t\t<\/div>\n\t\t\t\t\t<\/div>\n\t\t<\/div>\n\t\t\t\t\t\t\t<\/div>\n\t\t<\/div>\n\t\t\t\t<section data-particle_enable=\"false\" data-particle-mobile-disabled=\"false\" class=\"elementor-section elementor-top-section elementor-element elementor-element-4df66b7 elementor-section-boxed elementor-section-height-default elementor-section-height-default\" data-id=\"4df66b7\" data-element_type=\"section\">\n\t\t\t\t\t\t<div class=\"elementor-container elementor-column-gap-default\">\n\t\t\t\t\t<div class=\"elementor-column elementor-col-100 elementor-top-column elementor-element elementor-element-89fd5d7\" data-id=\"89fd5d7\" data-element_type=\"column\">\n\t\t\t<div class=\"elementor-widget-wrap elementor-element-populated\">\n\t\t\t\t\t\t\t\t<section data-particle_enable=\"false\" data-particle-mobile-disabled=\"false\" class=\"elementor-section elementor-inner-section elementor-element elementor-element-c956a41 luna-ribolov-opis-parent elementor-section-boxed elementor-section-height-default elementor-section-height-default\" data-id=\"c956a41\" data-element_type=\"section\">\n\t\t\t\t\t\t<div class=\"elementor-container elementor-column-gap-default\">\n\t\t\t\t\t<div class=\"elementor-column elementor-col-100 elementor-inner-column elementor-element elementor-element-ae2e7dd\" data-id=\"ae2e7dd\" data-element_type=\"column\">\n\t\t\t<div class=\"elementor-widget-wrap elementor-element-populated\">\n\t\t\t\t\t\t\t\t<div class=\"elementor-element elementor-element-54c0164 elementor-widget elementor-widget-heading\" data-id=\"54c0164\" data-element_type=\"widget\" data-widget_type=\"heading.default\">\n\t\t\t\t<div class=\"elementor-widget-container\">\n\t\t\t<h2 class=\"elementor-heading-title elementor-size-default\">Fishing<\/h2>\t\t<\/div>\n\t\t\t\t<\/div>\n\t\t\t\t<div class=\"elementor-element elementor-element-8ce9fd9 luna-ribolov-opis elementor-widget__width-initial elementor-widget-tablet__width-initial elementor-widget elementor-widget-text-editor\" data-id=\"8ce9fd9\" data-element_type=\"widget\" data-widget_type=\"text-editor.default\">\n\t\t\t\t<div class=\"elementor-widget-container\">\n\t\t\t\t\t\t\t\t<p>Rivers Krivaja, Bio\u0161tica, and Stup\u010danica and their tributaries offer about 120 kilometers of fishing trails in the Olovo municipality. Main species of fish include: brown trout, grayling, hucho hucho, and common nase. Bio\u0161tica and Stup\u010danica predominantly offer trout and grayling and in some areas hucho hucho, while Krivaja mostly offers abundance of common nase on one hand and trophy sized hucho hucho on the other hand. Our guests can count on full logistics at our motel and out there while fishing as well as guide services if necessary. <\/p>\t\t\t\t\t\t<\/div>\n\t\t\t\t<\/div>\n\t\t\t\t\t<\/div>\n\t\t<\/div>\n\t\t\t\t\t\t\t<\/div>\n\t\t<\/section>\n\t\t\t\t\t<\/div>\n\t\t<\/div>\n\t\t\t\t\t\t\t<\/div>\n\t\t<\/section>\n\t\t\t\t<section data-particle_enable=\"false\" data-particle-mobile-disabled=\"false\" class=\"elementor-section elementor-top-section elementor-element elementor-element-50627b4 elementor-section-boxed elementor-section-height-default elementor-section-height-default\" data-id=\"50627b4\" data-element_type=\"section\">\n\t\t\t\t\t\t<div class=\"elementor-container elementor-column-gap-default\">\n\t\t\t\t\t<div class=\"elementor-column elementor-col-100 elementor-top-column elementor-element elementor-element-5142f3a\" data-id=\"5142f3a\" data-element_type=\"column\">\n\t\t\t<div class=\"elementor-widget-wrap elementor-element-populated\">\n\t\t\t\t\t\t\t\t<div class=\"elementor-element elementor-element-4a354a9 elementor-widget elementor-widget-gallery\" data-id=\"4a354a9\" data-element_type=\"widget\" data-settings=\"{&quot;gallery_layout&quot;:&quot;masonry&quot;,&quot;columns&quot;:2,&quot;gap&quot;:{&quot;unit&quot;:&quot;px&quot;,&quot;size&quot;:50,&quot;sizes&quot;:[]},&quot;lazyload&quot;:&quot;yes&quot;,&quot;columns_tablet&quot;:2,&quot;columns_mobile&quot;:1,&quot;gap_tablet&quot;:{&quot;unit&quot;:&quot;px&quot;,&quot;size&quot;:10,&quot;sizes&quot;:[]},&quot;gap_mobile&quot;:{&quot;unit&quot;:&quot;px&quot;,&quot;size&quot;:10,&quot;sizes&quot;:[]},&quot;link_to&quot;:&quot;file&quot;,&quot;overlay_background&quot;:&quot;yes&quot;,&quot;content_hover_animation&quot;:&quot;fade-in&quot;}\" data-widget_type=\"gallery.default\">\n\t\t\t\t<div class=\"elementor-widget-container\">\n\t\t\t\t\t<div class=\"elementor-gallery__container\">\n\t\t\t\t\t\t\t<a class=\"e-gallery-item elementor-gallery-item elementor-animated-content\" href=\"https:\/\/luna.ba\/wp-content\/uploads\/2021\/10\/Pastrmka_3-min.jpg\" data-elementor-open-lightbox=\"yes\" data-elementor-lightbox-slideshow=\"all-4a354a9\" data-elementor-lightbox-title=\"Pastrmka_3-min\">\n\t\t\t\t\t<div class=\"e-gallery-image elementor-gallery-item__image\" data-thumbnail=\"https:\/\/luna.ba\/wp-content\/uploads\/2021\/10\/Pastrmka_3-min-1024x755.jpg\" data-width=\"800\" data-height=\"590\" alt=\"\" ><\/div>\n\t\t\t\t\t\t\t\t\t\t<div class=\"elementor-gallery-item__overlay\"><\/div>\n\t\t\t\t\t\t\t\t\t\t\t\t\t\t<\/a>\n\t\t\t\t\t\t\t<a class=\"e-gallery-item elementor-gallery-item elementor-animated-content\" href=\"https:\/\/luna.ba\/wp-content\/uploads\/2021\/10\/Pastrmka_1-min.jpg\" data-elementor-open-lightbox=\"yes\" data-elementor-lightbox-slideshow=\"all-4a354a9\" data-elementor-lightbox-title=\"Pastrmka_1-min\">\n\t\t\t\t\t<div class=\"e-gallery-image elementor-gallery-item__image\" data-thumbnail=\"https:\/\/luna.ba\/wp-content\/uploads\/2021\/10\/Pastrmka_1-min-683x1024.jpg\" data-width=\"683\" data-height=\"1024\" alt=\"\" ><\/div>\n\t\t\t\t\t\t\t\t\t\t<div class=\"elementor-gallery-item__overlay\"><\/div>\n\t\t\t\t\t\t\t\t\t\t\t\t\t\t<\/a>\n\t\t\t\t\t\t\t<a class=\"e-gallery-item elementor-gallery-item elementor-animated-content\" href=\"https:\/\/luna.ba\/wp-content\/uploads\/2021\/10\/Pastrmka_4.jpg\" data-elementor-open-lightbox=\"yes\" data-elementor-lightbox-slideshow=\"all-4a354a9\" data-elementor-lightbox-title=\"Pastrmka_4\">\n\t\t\t\t\t<div class=\"e-gallery-image elementor-gallery-item__image\" data-thumbnail=\"https:\/\/luna.ba\/wp-content\/uploads\/2021\/10\/Pastrmka_4.jpg\" data-width=\"640\" data-height=\"427\" alt=\"\" ><\/div>\n\t\t\t\t\t\t\t\t\t\t<div class=\"elementor-gallery-item__overlay\"><\/div>\n\t\t\t\t\t\t\t\t\t\t\t\t\t\t<\/a>\n\t\t\t\t\t<\/div>\n\t\t\t<\/div>\n\t\t\t\t<\/div>\n\t\t\t\t\t<\/div>\n\t\t<\/div>\n\t\t\t\t\t\t\t<\/div>\n\t\t<\/section>\n\t\t\t\t\t\t<\/div>\n\t\t\t\t\t<\/div>","protected":false},"excerpt":{"rendered":"<p>Ribolov Na teritoriji op\u0107ine Olovo nalazi se oko 120 kilometara ribolovnih tokova na rijekama Krivaji, Stup\u010danici, Bio\u0161tici i njihovim manjim pritokama. Osnovne vrste riba koje su zastupljene i koje se uglavnom pecaju su: poto\u010dna pastrmka, lipljan, mladica i \u0161kobalj. Na Krivaji se uglavnom pecaju mladica i \u0161kobalj, dok Stup\u010danica i Bio\u0161tica nude nezaboravna iskustva netaknute [&hellip;]<\/p>","protected":false},"author":2,"featured_media":0,"parent":0,"menu_order":0,"comment_status":"closed","ping_status":"closed","template":"elementor_theme","meta":{"footnotes":""},"yoast_head":"<!-- This site is optimized with the Yoast SEO Premium plugin v16.8 (Yoast SEO v16.8) - https:\/\/yoast.com\/wordpress\/plugins\/seo\/ -->\n<title>Ribolov - Luna.ba<\/title>\n<meta name=\"robots\" content=\"index, follow, max-snippet:-1, max-image-preview:large, max-video-preview:-1\" \/>\n<link rel=\"canonical\" href=\"https:\/\/luna.ba\/en\/fishing\/\" \/>\n<meta property=\"og:locale\" content=\"en_US\" \/>\n<meta property=\"og:type\" content=\"article\" \/>\n<meta property=\"og:title\" content=\"Ribolov\" \/>\n<meta property=\"og:description\" content=\"Ribolov Na teritoriji op\u0107ine Olovo nalazi se oko 120 kilometara ribolovnih tokova na rijekama Krivaji, Stup\u010danici, Bio\u0161tici i njihovim manjim pritokama. Osnovne vrste riba koje su zastupljene i koje se uglavnom pecaju su: poto\u010dna pastrmka, lipljan, mladica i \u0161kobalj. Na Krivaji se uglavnom pecaju mladica i \u0161kobalj, dok Stup\u010danica i Bio\u0161tica nude nezaboravna iskustva netaknute [&hellip;]\" \/>\n<meta property=\"og:url\" content=\"https:\/\/luna.ba\/en\/fishing\/\" \/>\n<meta property=\"og:site_name\" content=\"Luna.ba\" \/>\n<meta property=\"article:publisher\" content=\"https:\/\/www.facebook.com\/odmoristeluna\/\" \/>\n<meta property=\"article:modified_time\" content=\"2021-12-06T14:57:43+00:00\" \/>\n<meta property=\"og:image\" content=\"https:\/\/luna.ba\/wp-content\/uploads\/2021\/10\/Ribolov-logo.svg\" \/>\n<meta name=\"twitter:card\" content=\"summary_large_image\" \/>\n<meta name=\"twitter:label1\" content=\"Est. reading time\" \/>\n\t<meta name=\"twitter:data1\" content=\"1 minute\" \/>\n<script type=\"application\/ld+json\" class=\"yoast-schema-graph\">{\"@context\":\"https:\/\/schema.org\",\"@graph\":[{\"@type\":\"Organization\",\"@id\":\"https:\/\/luna.ba\/#organization\",\"name\":\"Odmori\\u0161te Luna\",\"url\":\"https:\/\/luna.ba\/\",\"sameAs\":[\"https:\/\/www.facebook.com\/odmoristeluna\/\",\"https:\/\/www.instagram.com\/odmoriste_luna\/\"],\"logo\":{\"@type\":\"ImageObject\",\"@id\":\"https:\/\/luna.ba\/#logo\",\"inLanguage\":\"en-US\",\"url\":\"https:\/\/luna.ba\/wp-content\/uploads\/2021\/02\/cropped-logo512-2.png\",\"contentUrl\":\"https:\/\/luna.ba\/wp-content\/uploads\/2021\/02\/cropped-logo512-2.png\",\"width\":512,\"height\":512,\"caption\":\"Odmori\\u0161te Luna\"},\"image\":{\"@id\":\"https:\/\/luna.ba\/#logo\"}},{\"@type\":\"WebSite\",\"@id\":\"https:\/\/luna.ba\/#website\",\"url\":\"https:\/\/luna.ba\/\",\"name\":\"Luna.ba\",\"description\":\"Odmori\\u0161te Luna | Restoran &amp; Motel\",\"publisher\":{\"@id\":\"https:\/\/luna.ba\/#organization\"},\"potentialAction\":[{\"@type\":\"SearchAction\",\"target\":{\"@type\":\"EntryPoint\",\"urlTemplate\":\"https:\/\/luna.ba\/?s={search_term_string}\"},\"query-input\":\"required name=search_term_string\"}],\"inLanguage\":\"en-US\"},{\"@type\":\"ImageObject\",\"@id\":\"https:\/\/luna.ba\/ribolov\/#primaryimage\",\"inLanguage\":\"en-US\",\"url\":\"https:\/\/luna.ba\/wp-content\/uploads\/2021\/10\/Ribolov-logo.svg\",\"contentUrl\":\"https:\/\/luna.ba\/wp-content\/uploads\/2021\/10\/Ribolov-logo.svg\"},{\"@type\":\"WebPage\",\"@id\":\"https:\/\/luna.ba\/ribolov\/#webpage\",\"url\":\"https:\/\/luna.ba\/ribolov\/\",\"name\":\"Ribolov - Luna.ba\",\"isPartOf\":{\"@id\":\"https:\/\/luna.ba\/#website\"},\"primaryImageOfPage\":{\"@id\":\"https:\/\/luna.ba\/ribolov\/#primaryimage\"},\"datePublished\":\"2021-10-20T14:13:03+00:00\",\"dateModified\":\"2021-12-06T14:57:43+00:00\",\"breadcrumb\":{\"@id\":\"https:\/\/luna.ba\/ribolov\/#breadcrumb\"},\"inLanguage\":\"en-US\",\"potentialAction\":[{\"@type\":\"ReadAction\",\"target\":[\"https:\/\/luna.ba\/ribolov\/\"]}]},{\"@type\":\"BreadcrumbList\",\"@id\":\"https:\/\/luna.ba\/ribolov\/#breadcrumb\",\"itemListElement\":[{\"@type\":\"ListItem\",\"position\":1,\"name\":\"Home\",\"item\":\"https:\/\/luna.ba\/\"},{\"@type\":\"ListItem\",\"position\":2,\"name\":\"Ribolov\"}]}]}<\/script>\n<!-- \/ Yoast SEO Premium plugin. -->","yoast_head_json":{"title":"Ribolov - Luna.ba","robots":{"index":"index","follow":"follow","max-snippet":"max-snippet:-1","max-image-preview":"max-image-preview:large","max-video-preview":"max-video-preview:-1"},"canonical":"https:\/\/luna.ba\/en\/fishing\/","og_locale":"en_US","og_type":"article","og_title":"Ribolov","og_description":"Ribolov Na teritoriji op\u0107ine Olovo nalazi se oko 120 kilometara ribolovnih tokova na rijekama Krivaji, Stup\u010danici, Bio\u0161tici i njihovim manjim pritokama. Osnovne vrste riba koje su zastupljene i koje se uglavnom pecaju su: poto\u010dna pastrmka, lipljan, mladica i \u0161kobalj. Na Krivaji se uglavnom pecaju mladica i \u0161kobalj, dok Stup\u010danica i Bio\u0161tica nude nezaboravna iskustva netaknute [&hellip;]","og_url":"https:\/\/luna.ba\/en\/fishing\/","og_site_name":"Luna.ba","article_publisher":"https:\/\/www.facebook.com\/odmoristeluna\/","article_modified_time":"2021-12-06T14:57:43+00:00","og_image":[{"url":"https:\/\/luna.ba\/wp-content\/uploads\/2021\/10\/Ribolov-logo.svg"}],"twitter_card":"summary_large_image","twitter_misc":{"Est. reading time":"1 minute"},"schema":{"@context":"https:\/\/schema.org","@graph":[{"@type":"Organization","@id":"https:\/\/luna.ba\/#organization","name":"Odmori\u0161te Luna","url":"https:\/\/luna.ba\/","sameAs":["https:\/\/www.facebook.com\/odmoristeluna\/","https:\/\/www.instagram.com\/odmoriste_luna\/"],"logo":{"@type":"ImageObject","@id":"https:\/\/luna.ba\/#logo","inLanguage":"en-US","url":"https:\/\/luna.ba\/wp-content\/uploads\/2021\/02\/cropped-logo512-2.png","contentUrl":"https:\/\/luna.ba\/wp-content\/uploads\/2021\/02\/cropped-logo512-2.png","width":512,"height":512,"caption":"Odmori\u0161te Luna"},"image":{"@id":"https:\/\/luna.ba\/#logo"}},{"@type":"WebSite","@id":"https:\/\/luna.ba\/#website","url":"https:\/\/luna.ba\/","name":"Luna.ba","description":"Odmori\u0161te Luna | Restoran &amp; Motel","publisher":{"@id":"https:\/\/luna.ba\/#organization"},"potentialAction":[{"@type":"SearchAction","target":{"@type":"EntryPoint","urlTemplate":"https:\/\/luna.ba\/?s={search_term_string}"},"query-input":"required name=search_term_string"}],"inLanguage":"en-US"},{"@type":"ImageObject","@id":"https:\/\/luna.ba\/ribolov\/#primaryimage","inLanguage":"en-US","url":"https:\/\/luna.ba\/wp-content\/uploads\/2021\/10\/Ribolov-logo.svg","contentUrl":"https:\/\/luna.ba\/wp-content\/uploads\/2021\/10\/Ribolov-logo.svg"},{"@type":"WebPage","@id":"https:\/\/luna.ba\/ribolov\/#webpage","url":"https:\/\/luna.ba\/ribolov\/","name":"Ribolov - Luna.ba","isPartOf":{"@id":"https:\/\/luna.ba\/#website"},"primaryImageOfPage":{"@id":"https:\/\/luna.ba\/ribolov\/#primaryimage"},"datePublished":"2021-10-20T14:13:03+00:00","dateModified":"2021-12-06T14:57:43+00:00","breadcrumb":{"@id":"https:\/\/luna.ba\/ribolov\/#breadcrumb"},"inLanguage":"en-US","potentialAction":[{"@type":"ReadAction","target":["https:\/\/luna.ba\/ribolov\/"]}]},{"@type":"BreadcrumbList","@id":"https:\/\/luna.ba\/ribolov\/#breadcrumb","itemListElement":[{"@type":"ListItem","position":1,"name":"Home","item":"https:\/\/luna.ba\/"},{"@type":"ListItem","position":2,"name":"Ribolov"}]}]}},"_links":{"self":[{"href":"https:\/\/luna.ba\/en\/wp-json\/wp\/v2\/pages\/1582"}],"collection":[{"href":"https:\/\/luna.ba\/en\/wp-json\/wp\/v2\/pages"}],"about":[{"href":"https:\/\/luna.ba\/en\/wp-json\/wp\/v2\/types\/page"}],"author":[{"embeddable":true,"href":"https:\/\/luna.ba\/en\/wp-json\/wp\/v2\/users\/2"}],"replies":[{"embeddable":true,"href":"https:\/\/luna.ba\/en\/wp-json\/wp\/v2\/comments?post=1582"}],"version-history":[{"count":94,"href":"https:\/\/luna.ba\/en\/wp-json\/wp\/v2\/pages\/1582\/revisions"}],"predecessor-version":[{"id":2383,"href":"https:\/\/luna.ba\/en\/wp-json\/wp\/v2\/pages\/1582\/revisions\/2383"}],"wp:attachment":[{"href":"https:\/\/luna.ba\/en\/wp-json\/wp\/v2\/media?parent=1582"}],"curies":[{"name":"wp","href":"https:\/\/api.w.org\/{rel}","templated":true}]}}